{"id":3,"date":"2021-11-23T15:19:11","date_gmt":"2021-11-23T14:19:11","guid":{"rendered":"https:\/\/neu.reichelt-brockmann.de\/?page_id=3"},"modified":"2021-12-08T15:59:30","modified_gmt":"2021-12-08T14:59:30","slug":"datenschutzerklaerung","status":"publish","type":"page","link":"https:\/\/neu.reichelt-brockmann.de\/?page_id=3","title":{"rendered":"Datenschutzerkl\u00e4rung"},"content":{"rendered":"<p>Datenschutzerkl\u00e4rung<\/p>\n<p>Verantwortliche Stelle\/Kontakt<br \/>Verantwortliche Stelle im Sinne der Datenschutzgesetze ist:<br \/>Fine Art Ausstellungen UG (haftungsbeschr\u00e4nkt)<br \/>Vertreten durch den Gesch\u00e4ftsf\u00fchrer Peter Reichelt<br \/>Bismarckstra\u00dfe 116<br \/>67059 Ludwigshafen<\/p>\n<p>Sollten Sie Fragen oder Anregungen zum Datenschutz haben, schreiben Sie uns bitte eine E-Mail oder wenden Sie sich direkt an die f\u00fcr den Datenschutz verantwortliche Person in unserer Organisation:<\/p>\n<p>Ina Brockmann<br \/>reicheltundbrockmann@gmx.de<\/p>\n<p>Ihre Betroffenenrechte<br \/>Unter den angegebenen Kontaktdaten unseres Datenschutzbeauftragten k\u00f6nnen Sie jederzeit folgende Rechte aus\u00fcben:<\/p>\n<p>Auskunft \u00fcber Ihre bei uns gespeicherten Daten und deren Verarbeitung,<br \/>Berichtigung unrichtiger personenbezogener Daten,<br \/>L\u00f6schung Ihrer bei uns gespeicherten Daten,<br \/>Einschr\u00e4nkung der Datenverarbeitung, sofern wir Ihre Daten aufgrund gesetzlicher Pflichten noch nicht l\u00f6schen d\u00fcrfen,<br \/>Widerspruch gegen die Verarbeitung Ihrer Daten bei uns und<br \/>Daten\u00fcbertragbarkeit, sofern Sie in die Datenverarbeitung eingewilligt haben oder einen Vertrag mit uns abgeschlossen haben.<br \/>Sofern Sie uns eine Einwilligung erteilt haben, k\u00f6nnen Sie diese jederzeit mit Wirkung f\u00fcr die Zukunft widerrufen.<\/p>\n<p>Sie k\u00f6nnen sich jederzeit mit einer Beschwerde an die f\u00fcr Sie zust\u00e4ndige Aufsichtsbeh\u00f6rde wenden. Ihre zust\u00e4ndige Aufsichtsbeh\u00f6rde richtet sich nach dem Bundesland Ihres Wohnsitzes, Ihrer Arbeit oder der mutma\u00dflichen Verletzung. Eine Liste der Aufsichtsbeh\u00f6rden (f\u00fcr den nicht\u00f6ffentlichen Bereich) mit Anschrift finden Sie unter: https:\/\/www.bfdi.bund.de\/DE\/Infothek\/Anschriften_Links\/anschriften_links-node.html.<\/p>\n<p>Zwecke der Datenverarbeitung durch die verantwortliche Stelle und Dritte<br \/>Wir verarbeiten Ihre personenbezogenen Daten nur zu den in dieser Datenschutzerkl\u00e4rung genannten Zwecken. Eine \u00dcbermittlung Ihrer pers\u00f6nlichen Daten an Dritte zu anderen als den genannten Zwecken findet nicht statt. Wir geben Ihre pers\u00f6nlichen Daten nur an Dritte weiter, wenn:<\/p>\n<p>Sie Ihre ausdr\u00fcckliche Einwilligung dazu erteilt haben,<br \/>die Verarbeitung zur Abwicklung eines Vertrags mit Ihnen erforderlich ist,<br \/>die Verarbeitung zur Erf\u00fcllung einer rechtlichen Verpflichtung erforderlich ist,<br \/>die Verarbeitung zur Wahrung berechtigter Interessen erforderlich ist und kein Grund zur Annahme besteht, dass Sie ein \u00fcberwiegendes schutzw\u00fcrdiges Interesse an der Nichtweitergabe Ihrer Daten haben.<\/p>\n<p>L\u00f6schung bzw. Sperrung der Daten<br \/>Wir halten uns an die Grunds\u00e4tze der Datenvermeidung und Datensparsamkeit. Wir speichern Ihre personenbezogenen Daten daher nur so lange, wie dies zur Erreichung der hier genannten Zwecke erforderlich ist oder wie es die vom Gesetzgeber vorgesehenen vielf\u00e4ltigen Speicherfristen vorsehen. Nach Fortfall des jeweiligen Zweckes bzw. Ablauf dieser Fristen werden die entsprechenden Daten routinem\u00e4\u00dfig und entsprechend den gesetzlichen Vorschriften gesperrt oder gel\u00f6scht.<\/p>\n<p>Erfassung allgemeiner Informationen beim Besuch unserer Website<br \/>Wenn Sie auf unsere Website zugreifen, werden automatisch mittels eines Cookies Informationen allgemeiner Natur erfasst. Diese Informationen (Server-Logfiles) beinhalten etwa die Art des Webbrowsers, das verwendete Betriebssystem, den Domainnamen Ihres Internet-Service-Providers und \u00e4hnliches. Hierbei handelt es sich ausschlie\u00dflich um Informationen, welche keine R\u00fcckschl\u00fcsse auf Ihre Person zulassen.<\/p>\n<p>Diese Informationen sind technisch notwendig, um von Ihnen angeforderte Inhalte von Webseiten korrekt auszuliefern und fallen bei Nutzung des Internets zwingend an. Sie werden insbesondere zu folgenden Zwecken verarbeitet:<\/p>\n<p>Sicherstellung eines problemlosen Verbindungsaufbaus der Website,<br \/>Sicherstellung einer reibungslosen Nutzung unserer Website,<br \/>Auswertung der Systemsicherheit und -stabilit\u00e4t sowie<br \/>zu weiteren administrativen Zwecken.<br \/>Die Verarbeitung Ihrer personenbezogenen Daten basiert auf unserem berechtigten Interesse aus den vorgenannten Zwecken zur Datenerhebung. Wir verwenden Ihre Daten nicht, um R\u00fcckschl\u00fcsse auf Ihre Person zu ziehen. Empf\u00e4nger der Daten sind nur die verantwortliche Stelle und ggf. Auftragsverarbeiter.<\/p>\n<p>Anonyme Informationen dieser Art werden von uns ggfs. statistisch ausgewertet, um unseren Internetauftritt und die dahinterstehende Technik zu optimieren.<\/p>\n<p>SSL-Verschl\u00fcsselung<br \/>Um die Sicherheit Ihrer Daten bei der \u00dcbertragung zu sch\u00fctzen, verwenden wir dem aktuellen Stand der Technik entsprechende Verschl\u00fcsselungsverfahren (z. B. SSL) \u00fcber HTTPS.<\/p>\n<p>\u00c4nderung unserer Datenschutzbestimmungen<br \/>Wir behalten uns vor, diese Datenschutzerkl\u00e4rung anzupassen, damit sie stets den aktuellen rechtlichen Anforderungen entspricht oder um \u00c4nderungen unserer Leistungen in der Datenschutzerkl\u00e4rung umzusetzen, z.B. bei der Einf\u00fchrung neuer Services. F\u00fcr Ihren erneuten Besuch gilt dann die neue Datenschutzerkl\u00e4rung.<\/p>\n<p>Die Datenschutzerkl\u00e4rung wurde mit dem Datenschutzerkl\u00e4rungs-Generator der activeMind AG erstellt.<\/p>\n","protected":false},"excerpt":{"rendered":"<p>Datenschutzerkl\u00e4rung Verantwortliche Stelle\/KontaktVerantwortliche Stelle im Sinne der Datenschutzgesetze ist:Fine Art Ausstellungen UG (haftungsbeschr\u00e4nkt)Vertreten durch den Gesch\u00e4ftsf\u00fchrer Peter ReicheltBismarckstra\u00dfe 11667059 Ludwigshafen Sollten Sie Fragen oder Anregungen zum Datenschutz haben, schreiben Sie uns bitte eine E-Mail oder wenden Sie sich direkt an die f\u00fcr den Datenschutz verantwortliche Person in unserer Organisation: Ina Brockmannreicheltundbrockmann@gmx.de Ihre BetroffenenrechteUnter den angegebenen&hellip;<\/p>\n","protected":false},"author":1,"featured_media":0,"parent":0,"menu_order":3,"comment_status":"closed","ping_status":"closed","template":"","meta":{"footnotes":""},"class_list":["post-3","page","type-page","status-publish","hentry"],"yoast_head":"<!-- This site is optimized with the Yoast SEO plugin v17.6 - https:\/\/yoast.com\/wordpress\/plugins\/seo\/ -->\n<title>Datenschutzerkl\u00e4rung - Reichelt &amp; Brockmann Ausstellungen<\/title>\n<meta name=\"robots\" content=\"noindex, follow, max-snippet:-1, max-image-preview:large, max-video-preview:-1\" \/>\n<meta property=\"og:locale\" content=\"de_DE\" \/>\n<meta property=\"og:type\" content=\"article\" \/>\n<meta property=\"og:title\" content=\"Datenschutzerkl\u00e4rung - Reichelt &amp; Brockmann Ausstellungen\" \/>\n<meta property=\"og:description\" content=\"Datenschutzerkl\u00e4rung Verantwortliche Stelle\/KontaktVerantwortliche Stelle im Sinne der Datenschutzgesetze ist:Fine Art Ausstellungen UG (haftungsbeschr\u00e4nkt)Vertreten durch den Gesch\u00e4ftsf\u00fchrer Peter ReicheltBismarckstra\u00dfe 11667059 Ludwigshafen Sollten Sie Fragen oder Anregungen zum Datenschutz haben, schreiben Sie uns bitte eine E-Mail oder wenden Sie sich direkt an die f\u00fcr den Datenschutz verantwortliche Person in unserer Organisation: Ina Brockmannreicheltundbrockmann@gmx.de Ihre BetroffenenrechteUnter den angegebenen&hellip;\" \/>\n<meta property=\"og:url\" content=\"https:\/\/neu.reichelt-brockmann.de\/?page_id=3\" \/>\n<meta property=\"og:site_name\" content=\"Reichelt &amp; Brockmann Ausstellungen\" \/>\n<meta property=\"article:modified_time\" content=\"2021-12-08T14:59:30+00:00\" \/>\n<meta name=\"twitter:card\" content=\"summary_large_image\" \/>\n<meta name=\"twitter:label1\" content=\"Gesch\u00e4tzte Lesezeit\" \/>\n\t<meta name=\"twitter:data1\" content=\"3\u00a0Minuten\" \/>\n<script type=\"application\/ld+json\" class=\"yoast-schema-graph\">{\"@context\":\"https:\/\/schema.org\",\"@graph\":[{\"@type\":\"WebSite\",\"@id\":\"https:\/\/neu.reichelt-brockmann.de\/#website\",\"url\":\"https:\/\/neu.reichelt-brockmann.de\/\",\"name\":\"Reichelt &amp; Brockmann Ausstellungen\",\"description\":\"Eine weitere WordPress-Website\",\"potentialAction\":[{\"@type\":\"SearchAction\",\"target\":{\"@type\":\"EntryPoint\",\"urlTemplate\":\"https:\/\/neu.reichelt-brockmann.de\/?s={search_term_string}\"},\"query-input\":\"required name=search_term_string\"}],\"inLanguage\":\"de\"},{\"@type\":\"WebPage\",\"@id\":\"https:\/\/neu.reichelt-brockmann.de\/?page_id=3#webpage\",\"url\":\"https:\/\/neu.reichelt-brockmann.de\/?page_id=3\",\"name\":\"Datenschutzerkl\\u00e4rung - Reichelt &amp; Brockmann Ausstellungen\",\"isPartOf\":{\"@id\":\"https:\/\/neu.reichelt-brockmann.de\/#website\"},\"datePublished\":\"2021-11-23T14:19:11+00:00\",\"dateModified\":\"2021-12-08T14:59:30+00:00\",\"breadcrumb\":{\"@id\":\"https:\/\/neu.reichelt-brockmann.de\/?page_id=3#breadcrumb\"},\"inLanguage\":\"de\",\"potentialAction\":[{\"@type\":\"ReadAction\",\"target\":[\"https:\/\/neu.reichelt-brockmann.de\/?page_id=3\"]}]},{\"@type\":\"BreadcrumbList\",\"@id\":\"https:\/\/neu.reichelt-brockmann.de\/?page_id=3#breadcrumb\",\"itemListElement\":[{\"@type\":\"ListItem\",\"position\":1,\"name\":\"Startseite\",\"item\":\"https:\/\/neu.reichelt-brockmann.de\/\"},{\"@type\":\"ListItem\",\"position\":2,\"name\":\"Datenschutzerkl\\u00e4rung\"}]}]}<\/script>\n<!-- \/ Yoast SEO plugin. -->","yoast_head_json":{"title":"Datenschutzerkl\u00e4rung - Reichelt &amp; Brockmann Ausstellungen","robots":{"index":"noindex","follow":"follow","max-snippet":"max-snippet:-1","max-image-preview":"max-image-preview:large","max-video-preview":"max-video-preview:-1"},"og_locale":"de_DE","og_type":"article","og_title":"Datenschutzerkl\u00e4rung - Reichelt &amp; Brockmann Ausstellungen","og_description":"Datenschutzerkl\u00e4rung Verantwortliche Stelle\/KontaktVerantwortliche Stelle im Sinne der Datenschutzgesetze ist:Fine Art Ausstellungen UG (haftungsbeschr\u00e4nkt)Vertreten durch den Gesch\u00e4ftsf\u00fchrer Peter ReicheltBismarckstra\u00dfe 11667059 Ludwigshafen Sollten Sie Fragen oder Anregungen zum Datenschutz haben, schreiben Sie uns bitte eine E-Mail oder wenden Sie sich direkt an die f\u00fcr den Datenschutz verantwortliche Person in unserer Organisation: Ina Brockmannreicheltundbrockmann@gmx.de Ihre BetroffenenrechteUnter den angegebenen&hellip;","og_url":"https:\/\/neu.reichelt-brockmann.de\/?page_id=3","og_site_name":"Reichelt &amp; Brockmann Ausstellungen","article_modified_time":"2021-12-08T14:59:30+00:00","twitter_card":"summary_large_image","twitter_misc":{"Gesch\u00e4tzte Lesezeit":"3\u00a0Minuten"},"schema":{"@context":"https:\/\/schema.org","@graph":[{"@type":"WebSite","@id":"https:\/\/neu.reichelt-brockmann.de\/#website","url":"https:\/\/neu.reichelt-brockmann.de\/","name":"Reichelt &amp; Brockmann Ausstellungen","description":"Eine weitere WordPress-Website","potentialAction":[{"@type":"SearchAction","target":{"@type":"EntryPoint","urlTemplate":"https:\/\/neu.reichelt-brockmann.de\/?s={search_term_string}"},"query-input":"required name=search_term_string"}],"inLanguage":"de"},{"@type":"WebPage","@id":"https:\/\/neu.reichelt-brockmann.de\/?page_id=3#webpage","url":"https:\/\/neu.reichelt-brockmann.de\/?page_id=3","name":"Datenschutzerkl\u00e4rung - Reichelt &amp; Brockmann Ausstellungen","isPartOf":{"@id":"https:\/\/neu.reichelt-brockmann.de\/#website"},"datePublished":"2021-11-23T14:19:11+00:00","dateModified":"2021-12-08T14:59:30+00:00","breadcrumb":{"@id":"https:\/\/neu.reichelt-brockmann.de\/?page_id=3#breadcrumb"},"inLanguage":"de","potentialAction":[{"@type":"ReadAction","target":["https:\/\/neu.reichelt-brockmann.de\/?page_id=3"]}]},{"@type":"BreadcrumbList","@id":"https:\/\/neu.reichelt-brockmann.de\/?page_id=3#breadcrumb","itemListElement":[{"@type":"ListItem","position":1,"name":"Startseite","item":"https:\/\/neu.reichelt-brockmann.de\/"},{"@type":"ListItem","position":2,"name":"Datenschutzerkl\u00e4rung"}]}]}},"_links":{"self":[{"href":"https:\/\/neu.reichelt-brockmann.de\/index.php?rest_route=\/wp\/v2\/pages\/3","targetHints":{"allow":["GET"]}}],"collection":[{"href":"https:\/\/neu.reichelt-brockmann.de\/index.php?rest_route=\/wp\/v2\/pages"}],"about":[{"href":"https:\/\/neu.reichelt-brockmann.de\/index.php?rest_route=\/wp\/v2\/types\/page"}],"author":[{"embeddable":true,"href":"https:\/\/neu.reichelt-brockmann.de\/index.php?rest_route=\/wp\/v2\/users\/1"}],"replies":[{"embeddable":true,"href":"https:\/\/neu.reichelt-brockmann.de\/index.php?rest_route=%2Fwp%2Fv2%2Fcomments&post=3"}],"version-history":[{"count":1,"href":"https:\/\/neu.reichelt-brockmann.de\/index.php?rest_route=\/wp\/v2\/pages\/3\/revisions"}],"predecessor-version":[{"id":8,"href":"https:\/\/neu.reichelt-brockmann.de\/index.php?rest_route=\/wp\/v2\/pages\/3\/revisions\/8"}],"wp:attachment":[{"href":"https:\/\/neu.reichelt-brockmann.de\/index.php?rest_route=%2Fwp%2Fv2%2Fmedia&parent=3"}],"curies":[{"name":"wp","href":"https:\/\/api.w.org\/{rel}","templated":true}]}}